{"id":774,"date":"2025-04-12T13:59:47","date_gmt":"2025-04-12T16:59:47","guid":{"rendered":"https:\/\/itecaugustocicare.com.ar\/?post_type=product&#038;p=774"},"modified":"2025-04-12T14:02:45","modified_gmt":"2025-04-12T17:02:45","slug":"expo-itec-augusto-cicare-2025-saladillo","status":"publish","type":"product","link":"https:\/\/itecaugustocicare.com.ar\/it\/eventos\/expo-itec-augusto-cicare-2025-saladillo\/","title":{"rendered":"EXPO ITEC Augusto Cicar\u00e9 2025 \u2013 Saladillo"},"content":{"rendered":"<p style=\"padding-left: 40px;\"><strong>Benvenuti all&#039;evento tecnologico ITEC Saladillo 2025!<\/strong><\/p>\n<p><span class=\"s4\">Immergiti in una giornata piena di tecnologia, innovazione, scienza e<\/span> <span class=\"s4\">imprenditorialit\u00e0<\/span><span class=\"s4\">. <\/span><span class=\"s5\">O<\/span><span class=\"s5\">n punto d&#039;incontro dove <\/span><span class=\"s5\">aziende, <\/span><span class=\"s5\">studenti, imprenditori, ricercatori <\/span><span class=\"s5\">e la comunit\u00e0<\/span><span class=\"s5\"> interagire, apprendere e costruire reti che favoriscano lo sviluppo di <\/span><span class=\"s5\">regione. <\/span><span class=\"s5\">Goditi la creativit\u00e0 <\/span><span class=\"s5\">E <\/span><span class=\"s5\">divertiti<\/span><span class=\"s5\"> con le proposte, che ti avvicinano al futuro attraverso le novit\u00e0 <\/span><span class=\"s5\">incontrato<\/span><span class=\"s5\">ntos.<\/span><\/p>\n<div class=\"s8\"><span class=\"s6\">\u2022 <\/span><span class=\"s7\">Data:<\/span><span class=\"s5\"> Martes 15 de abril<\/span><\/div>\n<div class=\"s8\"><span class=\"s6\">\u2022 <\/span><span class=\"s7\">Ora:<\/span><span class=\"s5\"> 16:00 <\/span><span class=\"s5\">h<\/span><\/div>\n<div class=\"s8\"><span class=\"s6\">\u2022 <\/span><span class=\"s7\">Posto:<\/span><span class=\"s5\"> Piazza principale, Saladillo<\/span><\/div>\n<div class=\"s8\"><span class=\"s6\">\u2022 <\/span><span class=\"s7\">Attivit\u00e0 in primo piano:<\/span><\/div>\n<div class=\"s10\"><span class=\"s9\">O <\/span><span class=\"s5\">Presentazioni dei leader del settore<\/span><\/div>\n<div class=\"s10\"><span class=\"s9\">O <\/span><span class=\"s5\">Laboratori pratici su AI, automazione, programmazione, robotica ludica<\/span><\/div>\n<div class=\"s10\"><span class=\"s9\">O <\/span><span class=\"s5\">Esposizione di progetti tecnologici<\/span><span class=\"s5\"> e processi produttivi<\/span><\/div>\n<div class=\"s10\"><span class=\"s9\">O <\/span><span class=\"s5\">Dimostrazioni delle pi\u00f9 moderne attrezzature <\/span><\/div>\n<div class=\"s10\"><span class=\"s9\">O <\/span><span class=\"s5\">La scienza al top, con i ricercatori <\/span><span class=\"s5\">insalatellenses<\/span><\/div>\n<div class=\"s10\"><span class=\"s9\">O <\/span><span class=\"s5\">La magia dell&#039;arte e della tecnologia<\/span><\/div>\n<div class=\"s10\"><span class=\"s9\">O <\/span><span class=\"s5\">Progetti innovativi in ambito educativo<\/span><\/div>\n<p><strong><span class=\"s5\">Non perdere l&#039;opportunit\u00e0 di prendere parte a questo incontro, che promuove la creativit\u00e0 e la tecnologia nella nostra comunit\u00e0!<\/span><\/strong><\/p>\n<p class=\"s11\">","protected":false},"excerpt":{"rendered":"<p><strong>Benvenuti all&#039;evento tecnologico ITEC Saladillo 2025!<\/strong><\/p>\n<p><span class=\"s4\">Immergiti in una giornata piena di tecnologia, innovazione, scienza e<\/span> <span class=\"s4\">imprenditorialit\u00e0<\/span><span class=\"s4\">. <\/span><span class=\"s5\">O<\/span><span class=\"s5\">n punto d&#039;incontro dove <\/span><span class=\"s5\">aziende, <\/span><span class=\"s5\">studenti, imprenditori, ricercatori <\/span><span class=\"s5\">e la comunit\u00e0<\/span><span class=\"s5\"> interagire, apprendere e costruire reti che favoriscano lo sviluppo di <\/span><span class=\"s5\">regione. <\/span><span class=\"s5\">Goditi la creativit\u00e0 <\/span><span class=\"s5\">E <\/span><span class=\"s5\">divertiti<\/span><span class=\"s5\"> con le proposte, che ti avvicinano al futuro attraverso le novit\u00e0 <\/span><span class=\"s5\">incontrato<\/span><span class=\"s5\">ntos.<\/span><\/p>\n<div class=\"s8\"><span class=\"s6\">\u2022 <\/span><span class=\"s7\">Data: marted\u00ec 15<\/span><span class=\"s5\"> aprile<\/span><\/div>\n<div class=\"s8\"><span class=\"s6\">\u2022 <\/span><span class=\"s7\">Ora:<\/span><span class=\"s5\"> 16:00 <\/span><span class=\"s5\">h<\/span><\/div>\n<div class=\"s8\"><span class=\"s6\">\u2022 <\/span><span class=\"s7\">Posto:<\/span><span class=\"s5\"> Piazza principale, Saladillo<\/span><\/div>\n<div class=\"s8\"><span class=\"s6\">\u2022 <\/span><span class=\"s7\">Attivit\u00e0 in primo piano:<\/span><\/div>\n<div class=\"s10\"><span class=\"s9\">O <\/span><span class=\"s5\">Presentazioni dei leader del settore<\/span><\/div>\n<div class=\"s10\"><span class=\"s9\">O <\/span><span class=\"s5\">Laboratori pratici su AI, automazione, programmazione, robotica ludica<\/span><\/div>\n<div class=\"s10\"><span class=\"s9\">O <\/span><span class=\"s5\">Esposizione di progetti tecnologici<\/span><span class=\"s5\"> e processi produttivi<\/span><\/div>\n<div class=\"s10\"><span class=\"s9\">O <\/span><span class=\"s5\">Dimostrazioni delle pi\u00f9 moderne attrezzature <\/span><\/div>\n<div class=\"s10\"><span class=\"s9\">O <\/span><span class=\"s5\">La scienza al top, con i ricercatori <\/span><span class=\"s5\">insalatellenses<\/span><\/div>\n<div class=\"s10\"><span class=\"s9\">O <\/span><span class=\"s5\">La magia dell&#039;arte e della tecnologia<\/span><\/div>\n<div class=\"s10\"><span class=\"s9\">O <\/span><span class=\"s5\">Progetti innovativi in ambito educativo<\/span><\/div>\n<p><strong><span class=\"s5\">Non perdere l&#039;opportunit\u00e0 di prendere parte a questo incontro, che promuove la creativit\u00e0 e la tecnologia nella nostra comunit\u00e0!<\/span><\/strong><\/p>\n<p class=\"s11\">","protected":false},"author":1,"featured_media":581,"comment_status":"open","ping_status":"closed","template":"","meta":{"_eb_attr":""},"product_cat":[26],"product_tag":[],"class_list":{"0":"post-774","1":"product","2":"type-product","3":"status-publish","4":"has-post-thumbnail","6":"product_cat-eventos","8":"first","9":"instock","10":"downloadable","11":"virtual","12":"sold-individually","13":"purchasable","14":"product-type-simple"},"_links":{"self":[{"href":"https:\/\/itecaugustocicare.com.ar\/it\/wp-json\/wp\/v2\/product\/774","targetHints":{"allow":["GET"]}}],"collection":[{"href":"https:\/\/itecaugustocicare.com.ar\/it\/wp-json\/wp\/v2\/product"}],"about":[{"href":"https:\/\/itecaugustocicare.com.ar\/it\/wp-json\/wp\/v2\/types\/product"}],"author":[{"embeddable":true,"href":"https:\/\/itecaugustocicare.com.ar\/it\/wp-json\/wp\/v2\/users\/1"}],"replies":[{"embeddable":true,"href":"https:\/\/itecaugustocicare.com.ar\/it\/wp-json\/wp\/v2\/comments?post=774"}],"wp:featuredmedia":[{"embeddable":true,"href":"https:\/\/itecaugustocicare.com.ar\/it\/wp-json\/wp\/v2\/media\/581"}],"wp:attachment":[{"href":"https:\/\/itecaugustocicare.com.ar\/it\/wp-json\/wp\/v2\/media?parent=774"}],"wp:term":[{"taxonomy":"product_cat","embeddable":true,"href":"https:\/\/itecaugustocicare.com.ar\/it\/wp-json\/wp\/v2\/product_cat?post=774"},{"taxonomy":"product_tag","embeddable":true,"href":"https:\/\/itecaugustocicare.com.ar\/it\/wp-json\/wp\/v2\/product_tag?post=774"}],"curies":[{"name":"wp","href":"https:\/\/api.w.org\/{rel}","templated":true}]}}